{"id":12915,"date":"2026-03-16T15:09:45","date_gmt":"2026-03-16T18:09:45","guid":{"rendered":"http:\/\/200.144.254.246:4000\/tainacan\/?page_id=12915"},"modified":"2026-03-30T10:49:33","modified_gmt":"2026-03-30T13:49:33","slug":"consulta","status":"publish","type":"page","link":"http:\/\/200.144.254.246:4000\/tainacan\/index.php\/consulta\/","title":{"rendered":"Consulta"},"content":{"rendered":"\n<p>A consulta ao nosso acervo \u00e9 realizada mediante agendamento pelo e-mail <a href=\"mailto:ag.pesquisa@usp.br\">ag.pesquisa@usp.br<\/a>.<\/p>\n\n\n\n<p>Estamos localizados na Av. Prof. Lineu Prestes, 1771 &#8211; Cidade Universit\u00e1ria, S\u00e3o Paulo &#8211; SP.<\/p>\n\n\n\n<p>Teremos prazer em receb\u00ea-las (os)!<\/p>\n\n\n\n<p><\/p>\n","protected":false},"excerpt":{"rendered":"<p>A consulta ao nosso acervo \u00e9 realizada mediante agendamento pelo e-mail ag.pesquisa@usp.br. Estamos localizados na Av. Prof. Lineu Prestes, 1771 &#8211; Cidade Universit\u00e1ria, S\u00e3o Paulo &#8211; SP. Teremos prazer em receb\u00ea-las (os)!<\/p>\n","protected":false},"author":10,"featured_media":0,"parent":0,"menu_order":0,"comment_status":"closed","ping_status":"closed","template":"","meta":{"_eb_attr":"","dsgo_overlay_header":false,"dsgo_overlay_header_text_color":"","dsgo_overlay_skip_top_bar":false,"_designsetgo_exclude_llms":false,"footnotes":""},"class_list":["post-12915","page","type-page","status-publish","hentry"],"_links":{"self":[{"href":"http:\/\/200.144.254.246:4000\/tainacan\/index.php\/wp-json\/wp\/v2\/pages\/12915","targetHints":{"allow":["GET"]}}],"collection":[{"href":"http:\/\/200.144.254.246:4000\/tainacan\/index.php\/wp-json\/wp\/v2\/pages"}],"about":[{"href":"http:\/\/200.144.254.246:4000\/tainacan\/index.php\/wp-json\/wp\/v2\/types\/page"}],"author":[{"embeddable":true,"href":"http:\/\/200.144.254.246:4000\/tainacan\/index.php\/wp-json\/wp\/v2\/users\/10"}],"replies":[{"embeddable":true,"href":"http:\/\/200.144.254.246:4000\/tainacan\/index.php\/wp-json\/wp\/v2\/comments?post=12915"}],"version-history":[{"count":4,"href":"http:\/\/200.144.254.246:4000\/tainacan\/index.php\/wp-json\/wp\/v2\/pages\/12915\/revisions"}],"predecessor-version":[{"id":14147,"href":"http:\/\/200.144.254.246:4000\/tainacan\/index.php\/wp-json\/wp\/v2\/pages\/12915\/revisions\/14147"}],"wp:attachment":[{"href":"http:\/\/200.144.254.246:4000\/tainacan\/index.php\/wp-json\/wp\/v2\/media?parent=12915"}],"curies":[{"name":"wp","href":"https:\/\/api.w.org\/{rel}","templated":true}]}}